{"id":4823,"date":"2014-06-12T14:12:45","date_gmt":"2014-06-12T14:12:45","guid":{"rendered":"http:\/\/demo.wpzoom.com\/diamond\/?page_id=4823"},"modified":"2022-11-08T20:13:43","modified_gmt":"2022-11-08T20:13:43","slug":"homepage","status":"publish","type":"page","link":"https:\/\/losmorteritos.com.ar\/?page_id=4823","title":{"rendered":"Entorno y Visitas"},"content":{"rendered":"\n<h2 class=\"wp-block-heading\">MACROUBICACI\u00d3N<\/h2>\n\n\n\n<p>Lugar ideal para el inicio de innumerables excursiones y paseos por todo el Valle de<br>Traslasierra, desde Mina Clavero, Cura Brochero, Nono, San Javier, Merlo&#8230; y<br>much\u00edsimos puntos tur\u00edsticos m\u00e1s!<\/p>\n\n\n\n<h2 class=\"wp-block-heading\">MICROUBICACI\u00d3N<\/h2>\n\n\n\n<p>Ubicada en el Valle de Traslasierra (C\u00f3rdoba), sobre la ruta Prov. N\u00ba14, y a 2 km de Villa<br>Las Rosas; Las Chacras (N) es el portal de entrada al Cerro Champaqu\u00ed, paraje elegido<br>por escritores y artesanos, donde se combina el magnifico paisaje con la tradicional<br>hospitalidad y sencillez de su gente<br>Tierra, que cuenta adem\u00e1s, con un microclima privilegiado lo que le permite ser<br>designada como zona bio-rural, este es un espacio natural elegido por visitantes para el<br>cuidado de la salud integral<br>Adem\u00e1s cuenta con una Variada oferta de alimentos naturales y productos regionales;<br>en sus proximidades se podr\u00e1 disfrutar de una exquisita gastronom\u00eda regional.<\/p>\n\n\n\n<h2 class=\"wp-block-heading\">Casa de Piedra<\/h2>\n\n\n\n<p>A 1 km de la caba\u00f1a, por la calle Los Morteritos, hacia el norte, se<br>encuentra \u00e9ste balneario -antiguo asentamiento de los Comechingones- que cuenta con<br>asadores, mesadas y un pintoresco entorno natural, ideal para disfrutar de la<br>tranquilidad que brinda el lugar.<\/p>\n\n\n\n<h2 class=\"wp-block-heading\">Guasmara<\/h2>\n\n\n\n<p>Distante a 3 km de la caba\u00f1a. Se debe llegar hasta la plaza de Villa de las Rosas, y<br>continuar por la calle Guasmara, all\u00ed nos encontramos con este balneario Municipal<br>compuesto de 4 piletas naturales y con instalaciones de asadores, mesadas, bancos y<br>servicio de buffet.<\/p>\n","protected":false},"excerpt":{"rendered":"<p>MACROUBICACI\u00d3N Lugar ideal para el inicio de innumerables excursiones y paseos por todo el Valle deTraslasierra, desde Mina Clavero, Cura Brochero, Nono, San Javier, Merlo&#8230; ymuch\u00edsimos puntos tur\u00edsticos m\u00e1s! MICROUBICACI\u00d3N Ubicada en el Valle de Traslasierra (C\u00f3rdoba), sobre la ruta Prov. N\u00ba14, y a 2 km de VillaLas Rosas; Las Chacras (N) es el portal &hellip; <\/p>\n<p class=\"link-more\"><a href=\"https:\/\/losmorteritos.com.ar\/?page_id=4823\" class=\"more-link\">Read more<span class=\"screen-reader-text\"> &#8220;Entorno y Visitas&#8221;<\/span><\/a><\/p>\n","protected":false},"author":1,"featured_media":6051,"parent":0,"menu_order":0,"comment_status":"closed","ping_status":"open","template":"","meta":{"om_disable_all_campaigns":false,"_monsterinsights_skip_tracking":false,"_monsterinsights_sitenote_active":false,"_monsterinsights_sitenote_note":"","_monsterinsights_sitenote_category":0,"footnotes":""},"class_list":["post-4823","page","type-page","status-publish","has-post-thumbnail","hentry"],"aioseo_notices":[],"featured_media_urls":{"thumbnail":["https:\/\/losmorteritos.com.ar\/wp-content\/uploads\/2022\/11\/IMG_0995-150x150.jpeg",150,150,true],"medium":["https:\/\/losmorteritos.com.ar\/wp-content\/uploads\/2022\/11\/IMG_0995-225x300.jpeg",225,300,true],"medium_large":["https:\/\/losmorteritos.com.ar\/wp-content\/uploads\/2022\/11\/IMG_0995-768x1024.jpeg",768,1024,true],"large":["https:\/\/losmorteritos.com.ar\/wp-content\/uploads\/2022\/11\/IMG_0995-768x1024.jpeg",768,1024,true],"1536x1536":["https:\/\/losmorteritos.com.ar\/wp-content\/uploads\/2022\/11\/IMG_0995-1152x1536.jpeg",1152,1536,true],"2048x2048":["https:\/\/losmorteritos.com.ar\/wp-content\/uploads\/2022\/11\/IMG_0995.jpeg",1536,2048,false],"inspiro-featured-image":["https:\/\/losmorteritos.com.ar\/wp-content\/uploads\/2022\/11\/IMG_0995.jpeg",1536,2048,false],"inspiro-loop":["https:\/\/losmorteritos.com.ar\/wp-content\/uploads\/2022\/11\/IMG_0995-950x320.jpeg",950,320,true],"inspiro-loop@2x":["https:\/\/losmorteritos.com.ar\/wp-content\/uploads\/2022\/11\/IMG_0995-1536x640.jpeg",1536,640,true],"portfolio_item-thumbnail":["https:\/\/losmorteritos.com.ar\/wp-content\/uploads\/2022\/11\/IMG_0995-600x400.jpeg",600,400,true],"portfolio_item-masonry":["https:\/\/losmorteritos.com.ar\/wp-content\/uploads\/2022\/11\/IMG_0995-600x800.jpeg",600,800,true],"portfolio_item-thumbnail_cinema":["https:\/\/losmorteritos.com.ar\/wp-content\/uploads\/2022\/11\/IMG_0995-800x335.jpeg",800,335,true],"portfolio_item-thumbnail_portrait":["https:\/\/losmorteritos.com.ar\/wp-content\/uploads\/2022\/11\/IMG_0995-600x900.jpeg",600,900,true],"portfolio_item-thumbnail_square":["https:\/\/losmorteritos.com.ar\/wp-content\/uploads\/2022\/11\/IMG_0995-800x800.jpeg",800,800,true]},"_links":{"self":[{"href":"https:\/\/losmorteritos.com.ar\/index.php?rest_route=\/wp\/v2\/pages\/4823","targetHints":{"allow":["GET"]}}],"collection":[{"href":"https:\/\/losmorteritos.com.ar\/index.php?rest_route=\/wp\/v2\/pages"}],"about":[{"href":"https:\/\/losmorteritos.com.ar\/index.php?rest_route=\/wp\/v2\/types\/page"}],"author":[{"embeddable":true,"href":"https:\/\/losmorteritos.com.ar\/index.php?rest_route=\/wp\/v2\/users\/1"}],"replies":[{"embeddable":true,"href":"https:\/\/losmorteritos.com.ar\/index.php?rest_route=%2Fwp%2Fv2%2Fcomments&post=4823"}],"version-history":[{"count":2,"href":"https:\/\/losmorteritos.com.ar\/index.php?rest_route=\/wp\/v2\/pages\/4823\/revisions"}],"predecessor-version":[{"id":6050,"href":"https:\/\/losmorteritos.com.ar\/index.php?rest_route=\/wp\/v2\/pages\/4823\/revisions\/6050"}],"wp:featuredmedia":[{"embeddable":true,"href":"https:\/\/losmorteritos.com.ar\/index.php?rest_route=\/wp\/v2\/media\/6051"}],"wp:attachment":[{"href":"https:\/\/losmorteritos.com.ar\/index.php?rest_route=%2Fwp%2Fv2%2Fmedia&parent=4823"}],"curies":[{"name":"wp","href":"https:\/\/api.w.org\/{rel}","templated":true}]}}