{"id":5875,"date":"2018-08-23T11:37:30","date_gmt":"2018-08-23T11:37:30","guid":{"rendered":"http:\/\/demo.wpzoom.com\/inspiro\/?page_id=5875"},"modified":"2022-11-08T23:08:12","modified_gmt":"2022-11-08T23:08:12","slug":"gutenberg-sample-page","status":"publish","type":"page","link":"https:\/\/losmorteritos.com.ar\/","title":{"rendered":"Las Chacras, Villa de las Rosas"},"content":{"rendered":"\n<p>Paraje elegido por escritores y artesanos, donde se combina el magnifico paisaje con la tradicional hospitalidad y sencillez de su gente<\/p>\n\n\n\n<figure class=\"wp-block-gallery alignwide has-nested-images columns-default is-cropped wp-block-gallery-1 is-layout-flex wp-block-gallery-is-layout-flex\">\n<figure class=\"wp-block-image size-large\"><img loading=\"lazy\" decoding=\"async\" width=\"768\" height=\"1024\" data-id=\"6111\" src=\"https:\/\/losmorteritos.com.ar\/wp-content\/uploads\/2022\/11\/IMG_1096-768x1024.jpeg\" alt=\"\" class=\"wp-image-6111\" srcset=\"https:\/\/losmorteritos.com.ar\/wp-content\/uploads\/2022\/11\/IMG_1096-768x1024.jpeg 768w, https:\/\/losmorteritos.com.ar\/wp-content\/uploads\/2022\/11\/IMG_1096-225x300.jpeg 225w, https:\/\/losmorteritos.com.ar\/wp-content\/uploads\/2022\/11\/IMG_1096-1152x1536.jpeg 1152w, https:\/\/losmorteritos.com.ar\/wp-content\/uploads\/2022\/11\/IMG_1096-600x800.jpeg 600w, https:\/\/losmorteritos.com.ar\/wp-content\/uploads\/2022\/11\/IMG_1096.jpeg 1536w\" sizes=\"auto, (max-width: 768px) 100vw, 768px\" \/><\/figure>\n\n\n\n<figure class=\"wp-block-image size-full\"><img loading=\"lazy\" decoding=\"async\" width=\"239\" height=\"239\" data-id=\"6113\" src=\"https:\/\/losmorteritos.com.ar\/wp-content\/uploads\/2022\/11\/Fotos-turistas_pileta-1.jpg\" alt=\"\" class=\"wp-image-6113\" srcset=\"https:\/\/losmorteritos.com.ar\/wp-content\/uploads\/2022\/11\/Fotos-turistas_pileta-1.jpg 239w, https:\/\/losmorteritos.com.ar\/wp-content\/uploads\/2022\/11\/Fotos-turistas_pileta-1-150x150.jpg 150w\" sizes=\"auto, (max-width: 239px) 100vw, 239px\" \/><\/figure>\n\n\n\n<figure class=\"wp-block-image size-large\"><img loading=\"lazy\" decoding=\"async\" width=\"768\" height=\"1024\" data-id=\"6112\" src=\"https:\/\/losmorteritos.com.ar\/wp-content\/uploads\/2022\/11\/IMG_0994-768x1024.jpeg\" alt=\"\" class=\"wp-image-6112\" srcset=\"https:\/\/losmorteritos.com.ar\/wp-content\/uploads\/2022\/11\/IMG_0994-768x1024.jpeg 768w, https:\/\/losmorteritos.com.ar\/wp-content\/uploads\/2022\/11\/IMG_0994-225x300.jpeg 225w, https:\/\/losmorteritos.com.ar\/wp-content\/uploads\/2022\/11\/IMG_0994-1152x1536.jpeg 1152w, https:\/\/losmorteritos.com.ar\/wp-content\/uploads\/2022\/11\/IMG_0994-600x800.jpeg 600w, https:\/\/losmorteritos.com.ar\/wp-content\/uploads\/2022\/11\/IMG_0994.jpeg 1536w\" sizes=\"auto, (max-width: 768px) 100vw, 768px\" \/><\/figure>\n\n\n\n<figure class=\"wp-block-image size-large\"><img loading=\"lazy\" decoding=\"async\" width=\"1024\" height=\"768\" data-id=\"6114\" src=\"https:\/\/losmorteritos.com.ar\/wp-content\/uploads\/2022\/11\/Atardecer-1-1024x768.jpeg\" alt=\"\" class=\"wp-image-6114\" srcset=\"https:\/\/losmorteritos.com.ar\/wp-content\/uploads\/2022\/11\/Atardecer-1-1024x768.jpeg 1024w, https:\/\/losmorteritos.com.ar\/wp-content\/uploads\/2022\/11\/Atardecer-1-300x225.jpeg 300w, https:\/\/losmorteritos.com.ar\/wp-content\/uploads\/2022\/11\/Atardecer-1-768x576.jpeg 768w, https:\/\/losmorteritos.com.ar\/wp-content\/uploads\/2022\/11\/Atardecer-1-600x450.jpeg 600w, https:\/\/losmorteritos.com.ar\/wp-content\/uploads\/2022\/11\/Atardecer-1.jpeg 1152w\" sizes=\"auto, (max-width: 1024px) 100vw, 1024px\" \/><\/figure>\n\n\n\n<figure class=\"wp-block-image size-full\"><img loading=\"lazy\" decoding=\"async\" width=\"300\" height=\"225\" data-id=\"6115\" src=\"https:\/\/losmorteritos.com.ar\/wp-content\/uploads\/2022\/11\/o_rn66_Cabana_YQ9C6MBC-1.jpg\" alt=\"\" class=\"wp-image-6115\"\/><\/figure>\n<\/figure>\n\n\n\n<p>Ubicada en el Valle de Traslasierra (C\u00f3rdoba), sobre la ruta Prov. N\u00ba14, y a 2 km de Villa Las Rosas; Las Chacras (N) es el portal de entrada al Cerro Champaqu\u00ed, paraje elegido por escritores y artesanos, donde se<br>combina el magnifico paisaje con la tradicional hospitalidad y sencillez de su gente.<\/p>\n\n\n\n<p><br>Tierra, que cuenta adem\u00e1s, con un microclima privilegiado lo que le permite ser designada como zona bio-rural, este es un espacio natural elegido por visitantes para el cuidado de la salud integral.<br><\/p>\n\n\n\n<p>Adem\u00e1s cuenta con una Variada oferta de alimentos naturales y productos regionales; en sus proximidades se podr\u00e1 disfrutar de una exquisita gastronom\u00eda regional .<\/p>\n\n\n\n<div class=\"wp-block-cover alignfull is-light has-parallax\"><span aria-hidden=\"true\" class=\"wp-block-cover__background has-background-dim\"><\/span><div role=\"img\" class=\"wp-block-cover__image-background wp-image-5392 has-parallax\" style=\"background-position:50% 50%;background-image:url(https:\/\/losmorteritos.com.ar\/wp-content\/uploads\/2015\/05\/5cf8b62b-e1459686360564.jpeg)\"><\/div><div class=\"wp-block-cover__inner-container is-layout-flow wp-block-cover-is-layout-flow\">\n<p class=\"has-text-align-center has-white-color has-text-color has-large-font-size\">&#8220;UN LUGAR PARA DESCANSAR Y<br>REENCONTRARSE CON LA NATURALEZA&#8221;<\/p>\n<\/div><\/div>\n\n\n\n<p><\/p>\n\n\n\n<figure class=\"wp-block-image alignwide size-full\"><img loading=\"lazy\" decoding=\"async\" width=\"1024\" height=\"768\" src=\"https:\/\/losmorteritos.com.ar\/wp-content\/uploads\/2022\/11\/Pileta-con-solarium-2.jpeg\" alt=\"\" class=\"wp-image-6117\" srcset=\"https:\/\/losmorteritos.com.ar\/wp-content\/uploads\/2022\/11\/Pileta-con-solarium-2.jpeg 1024w, https:\/\/losmorteritos.com.ar\/wp-content\/uploads\/2022\/11\/Pileta-con-solarium-2-300x225.jpeg 300w, https:\/\/losmorteritos.com.ar\/wp-content\/uploads\/2022\/11\/Pileta-con-solarium-2-768x576.jpeg 768w, https:\/\/losmorteritos.com.ar\/wp-content\/uploads\/2022\/11\/Pileta-con-solarium-2-600x450.jpeg 600w\" sizes=\"auto, (max-width: 1024px) 100vw, 1024px\" \/><figcaption class=\"wp-element-caption\">Wide width image<\/figcaption><\/figure>\n\n\n\n<p><\/p>\n\n\n\n<p><\/p>\n\n\n\n<figure class=\"wp-block-image alignfull size-large\"><img loading=\"lazy\" decoding=\"async\" width=\"1024\" height=\"461\" src=\"https:\/\/losmorteritos.com.ar\/wp-content\/uploads\/2022\/11\/Exterior-1-1024x461.jpeg\" alt=\"\" class=\"wp-image-6118\" srcset=\"https:\/\/losmorteritos.com.ar\/wp-content\/uploads\/2022\/11\/Exterior-1-1024x461.jpeg 1024w, https:\/\/losmorteritos.com.ar\/wp-content\/uploads\/2022\/11\/Exterior-1-300x135.jpeg 300w, https:\/\/losmorteritos.com.ar\/wp-content\/uploads\/2022\/11\/Exterior-1-768x346.jpeg 768w, https:\/\/losmorteritos.com.ar\/wp-content\/uploads\/2022\/11\/Exterior-1-600x270.jpeg 600w, https:\/\/losmorteritos.com.ar\/wp-content\/uploads\/2022\/11\/Exterior-1.jpeg 1280w\" sizes=\"auto, (max-width: 1024px) 100vw, 1024px\" \/><figcaption class=\"wp-element-caption\">Full width image<\/figcaption><\/figure>\n","protected":false},"excerpt":{"rendered":"<p>Paraje elegido por escritores y artesanos, donde se combina el magnifico paisaje con la tradicional hospitalidad y sencillez de su gente Ubicada en el Valle de Traslasierra (C\u00f3rdoba), sobre la ruta Prov. N\u00ba14, y a 2 km de Villa Las Rosas; Las Chacras (N) es el portal de entrada al Cerro Champaqu\u00ed, paraje elegido por &hellip; <\/p>\n<p class=\"link-more\"><a href=\"https:\/\/losmorteritos.com.ar\/\" class=\"more-link\">Read more<span class=\"screen-reader-text\"> &#8220;Las Chacras, Villa de las Rosas&#8221;<\/span><\/a><\/p>\n","protected":false},"author":1,"featured_media":5835,"parent":0,"menu_order":0,"comment_status":"closed","ping_status":"closed","template":"","meta":{"om_disable_all_campaigns":false,"_monsterinsights_skip_tracking":false,"_monsterinsights_sitenote_active":false,"_monsterinsights_sitenote_note":"","_monsterinsights_sitenote_category":0,"footnotes":""},"class_list":["post-5875","page","type-page","status-publish","has-post-thumbnail","hentry"],"aioseo_notices":[],"featured_media_urls":{"thumbnail":["https:\/\/losmorteritos.com.ar\/wp-content\/uploads\/2014\/08\/andreas-gucklhorn-285567-unsplash-1-150x150.jpg",150,150,true],"medium":["https:\/\/losmorteritos.com.ar\/wp-content\/uploads\/2014\/08\/andreas-gucklhorn-285567-unsplash-1-300x169.jpg",300,169,true],"medium_large":["https:\/\/losmorteritos.com.ar\/wp-content\/uploads\/2014\/08\/andreas-gucklhorn-285567-unsplash-1-768x432.jpg",768,432,true],"large":["https:\/\/losmorteritos.com.ar\/wp-content\/uploads\/2014\/08\/andreas-gucklhorn-285567-unsplash-1-1024x576.jpg",950,534,true],"1536x1536":["https:\/\/losmorteritos.com.ar\/wp-content\/uploads\/2014\/08\/andreas-gucklhorn-285567-unsplash-1-1536x864.jpg",1536,864,true],"2048x2048":["https:\/\/losmorteritos.com.ar\/wp-content\/uploads\/2014\/08\/andreas-gucklhorn-285567-unsplash-1.jpg",2000,1125,false],"inspiro-featured-image":["https:\/\/losmorteritos.com.ar\/wp-content\/uploads\/2014\/08\/andreas-gucklhorn-285567-unsplash-1.jpg",2000,1125,false],"inspiro-loop":["https:\/\/losmorteritos.com.ar\/wp-content\/uploads\/2014\/08\/andreas-gucklhorn-285567-unsplash-1-950x320.jpg",950,320,true],"inspiro-loop@2x":["https:\/\/losmorteritos.com.ar\/wp-content\/uploads\/2014\/08\/andreas-gucklhorn-285567-unsplash-1-1900x640.jpg",1900,640,true],"portfolio_item-thumbnail":["https:\/\/losmorteritos.com.ar\/wp-content\/uploads\/2014\/08\/andreas-gucklhorn-285567-unsplash-1-600x400.jpg",600,400,true],"portfolio_item-masonry":["https:\/\/losmorteritos.com.ar\/wp-content\/uploads\/2014\/08\/andreas-gucklhorn-285567-unsplash-1-600x338.jpg",600,338,true],"portfolio_item-thumbnail_cinema":["https:\/\/losmorteritos.com.ar\/wp-content\/uploads\/2014\/08\/andreas-gucklhorn-285567-unsplash-1-800x335.jpg",800,335,true],"portfolio_item-thumbnail_portrait":["https:\/\/losmorteritos.com.ar\/wp-content\/uploads\/2014\/08\/andreas-gucklhorn-285567-unsplash-1-600x900.jpg",600,900,true],"portfolio_item-thumbnail_square":["https:\/\/losmorteritos.com.ar\/wp-content\/uploads\/2014\/08\/andreas-gucklhorn-285567-unsplash-1-800x800.jpg",800,800,true]},"_links":{"self":[{"href":"https:\/\/losmorteritos.com.ar\/index.php?rest_route=\/wp\/v2\/pages\/5875","targetHints":{"allow":["GET"]}}],"collection":[{"href":"https:\/\/losmorteritos.com.ar\/index.php?rest_route=\/wp\/v2\/pages"}],"about":[{"href":"https:\/\/losmorteritos.com.ar\/index.php?rest_route=\/wp\/v2\/types\/page"}],"author":[{"embeddable":true,"href":"https:\/\/losmorteritos.com.ar\/index.php?rest_route=\/wp\/v2\/users\/1"}],"replies":[{"embeddable":true,"href":"https:\/\/losmorteritos.com.ar\/index.php?rest_route=%2Fwp%2Fv2%2Fcomments&post=5875"}],"version-history":[{"count":2,"href":"https:\/\/losmorteritos.com.ar\/index.php?rest_route=\/wp\/v2\/pages\/5875\/revisions"}],"predecessor-version":[{"id":6121,"href":"https:\/\/losmorteritos.com.ar\/index.php?rest_route=\/wp\/v2\/pages\/5875\/revisions\/6121"}],"wp:featuredmedia":[{"embeddable":true,"href":"https:\/\/losmorteritos.com.ar\/index.php?rest_route=\/wp\/v2\/media\/5835"}],"wp:attachment":[{"href":"https:\/\/losmorteritos.com.ar\/index.php?rest_route=%2Fwp%2Fv2%2Fmedia&parent=5875"}],"curies":[{"name":"wp","href":"https:\/\/api.w.org\/{rel}","templated":true}]}}